{"id":2103,"date":"2025-10-01T17:58:30","date_gmt":"2025-10-01T15:58:30","guid":{"rendered":"https:\/\/marcqtravaux.com\/?page_id=2103"},"modified":"2025-10-01T17:58:44","modified_gmt":"2025-10-01T15:58:44","slug":"utilisation-des-cookies","status":"publish","type":"page","link":"https:\/\/marcqtravaux.com\/index.php\/utilisation-des-cookies\/","title":{"rendered":"Utilisation des cookies"},"content":{"rendered":"<p>[et_pb_section fb_built=\u00a0\u00bb1&Prime; theme_builder_area=\u00a0\u00bbpost_content\u00a0\u00bb _builder_version=\u00a0\u00bb4.27.4&Prime; _module_preset=\u00a0\u00bbdefault\u00a0\u00bb custom_margin_last_edited=\u00a0\u00bbon|desktop\u00a0\u00bb custom_margin=\u00a0\u00bb74px||||false|false\u00a0\u00bb hover_enabled=\u00a0\u00bb0&Prime; sticky_enabled=\u00a0\u00bb0&Prime; custom_margin_tablet=\u00a0\u00bb74px||||false|false\u00a0\u00bb custom_margin_phone=\u00a0\u00bb74px||||false|false\u00a0\u00bb][et_pb_row _builder_version=\u00a0\u00bb4.27.4&Prime; _module_preset=\u00a0\u00bbdefault\u00a0\u00bb theme_builder_area=\u00a0\u00bbpost_content\u00a0\u00bb][et_pb_column _builder_version=\u00a0\u00bb4.27.4&Prime; _module_preset=\u00a0\u00bbdefault\u00a0\u00bb type=\u00a0\u00bb4_4&Prime; theme_builder_area=\u00a0\u00bbpost_content\u00a0\u00bb][et_pb_text _builder_version=\u00a0\u00bb4.27.4&Prime; _module_preset=\u00a0\u00bbdefault\u00a0\u00bb theme_builder_area=\u00a0\u00bbpost_content\u00a0\u00bb hover_enabled=\u00a0\u00bb0&Prime; sticky_enabled=\u00a0\u00bb0&Prime;]<\/p>\n<p>&nbsp;<\/p>\n<h1>Utilisation des cookies<\/h1>\n<p>&nbsp;<\/p>\n<h2>Qu\u2019est-ce qu\u2019un cookie ?<\/h2>\n<p>&nbsp;<\/p>\n<p>Un cookie est un petit fichier texte enregistr\u00e9 sur votre terminal (ordinateur, tablette, smartphone) lorsque vous naviguez sur un site internet. Il permet de collecter certaines informations destin\u00e9es \u00e0 am\u00e9liorer l\u2019exp\u00e9rience utilisateur, mesurer l\u2019audience ou encore faciliter certaines fonctionnalit\u00e9s.<\/p>\n<p>&nbsp;<\/p>\n<h2>Cookies utilis\u00e9s sur le site Marcq Travaux<\/h2>\n<p>&nbsp;<\/p>\n<p>Le site utilise uniquement des cookies strictement n\u00e9cessaires \u00e0 son bon fonctionnement ainsi que des cookies destin\u00e9s \u00e0 :<\/p>\n<ul>\n<li>\n<p><strong>L\u2019analyse de performance<\/strong> : ces cookies permettent de mesurer la fr\u00e9quentation du site et d\u2019am\u00e9liorer son ergonomie et ses contenus.<\/p>\n<\/li>\n<li>\n<p><strong>Le formulaire de contact<\/strong> : certains cookies peuvent \u00eatre utilis\u00e9s pour assurer le bon envoi et suivi des demandes effectu\u00e9es via la page \u00ab Contact \u00bb.<\/p>\n<\/li>\n<\/ul>\n<p>Aucun cookie publicitaire ou de suivi marketing n\u2019est utilis\u00e9 sur ce site.<\/p>\n<p>&nbsp;<\/p>\n<h2>Donn\u00e9es personnelles<\/h2>\n<p>&nbsp;<\/p>\n<p>Les informations recueillies via le formulaire de contact font l\u2019objet d\u2019un traitement informatique destin\u00e9 uniquement \u00e0 la gestion des demandes de contact.<br \/>Conform\u00e9ment \u00e0 la loi \u00ab Informatique et Libert\u00e9s \u00bb du 6 janvier 1978 modifi\u00e9e et au <strong>R\u00e8glement G\u00e9n\u00e9ral sur la Protection des Donn\u00e9es (RGPD)<\/strong>, vous disposez d\u2019un droit d\u2019acc\u00e8s, de rectification, de suppression et d\u2019opposition concernant vos donn\u00e9es personnelles.<\/p>\n<p>Pour exercer ces droits, vous pouvez nous contacter \u00e0 l\u2019adresse suivante :<br \/>\ud83d\udce7 <strong><a href=\"mailto:marcq.travaux@gmail.com\">marcq.travaux@gmail.com<\/a><\/strong><\/p>\n<p><strong><\/strong><\/p>\n<h2>Gestion des cookies<\/h2>\n<p>&nbsp;<\/p>\n<p>Vous pouvez \u00e0 tout moment configurer votre navigateur internet pour accepter, refuser ou supprimer tout ou partie des cookies d\u00e9pos\u00e9s sur votre terminal.<br \/>Attention, le refus de certains cookies peut limiter l\u2019acc\u00e8s \u00e0 certaines fonctionnalit\u00e9s du site.<\/p>\n<p>&nbsp;<\/p>\n<p>Derni\u00e8re mise \u00e0 jour le 01-10-2025<\/p>\n<p>[\/et_pb_text][\/et_pb_column][\/et_pb_row][\/et_pb_section]<\/p>\n","protected":false},"excerpt":{"rendered":"<p>&nbsp; Utilisation des cookies &nbsp; Qu\u2019est-ce qu\u2019un cookie ? &nbsp; Un cookie est un petit fichier texte enregistr\u00e9 sur votre terminal (ordinateur, tablette, smartphone) lorsque vous naviguez sur un site internet. Il permet de collecter certaines informations destin\u00e9es \u00e0 am\u00e9liorer l\u2019exp\u00e9rience utilisateur, mesurer l\u2019audience ou encore faciliter certaines fonctionnalit\u00e9s. &nbsp; Cookies utilis\u00e9s sur le site [&hellip;]<\/p>\n","protected":false},"author":1,"featured_media":0,"parent":0,"menu_order":0,"comment_status":"closed","ping_status":"closed","template":"","meta":{"_et_pb_use_builder":"on","_et_pb_old_content":"","_et_gb_content_width":"","footnotes":""},"class_list":["post-2103","page","type-page","status-publish","hentry"],"yoast_head":"<!-- This site is optimized with the Yoast SEO plugin v27.4 - https:\/\/yoast.com\/product\/yoast-seo-wordpress\/ -->\n<title>Utilisation des cookies - Marcq Travaux<\/title>\n<meta name=\"robots\" content=\"index, follow, max-snippet:-1, max-image-preview:large, max-video-preview:-1\" \/>\n<link rel=\"canonical\" href=\"https:\/\/marcqtravaux.com\/index.php\/utilisation-des-cookies\/\" \/>\n<meta property=\"og:locale\" content=\"fr_FR\" \/>\n<meta property=\"og:type\" content=\"article\" \/>\n<meta property=\"og:title\" content=\"Utilisation des cookies - Marcq Travaux\" \/>\n<meta property=\"og:description\" content=\"&nbsp; Utilisation des cookies &nbsp; Qu\u2019est-ce qu\u2019un cookie ? &nbsp; Un cookie est un petit fichier texte enregistr\u00e9 sur votre terminal (ordinateur, tablette, smartphone) lorsque vous naviguez sur un site internet. Il permet de collecter certaines informations destin\u00e9es \u00e0 am\u00e9liorer l\u2019exp\u00e9rience utilisateur, mesurer l\u2019audience ou encore faciliter certaines fonctionnalit\u00e9s. &nbsp; Cookies utilis\u00e9s sur le site [&hellip;]\" \/>\n<meta property=\"og:url\" content=\"https:\/\/marcqtravaux.com\/index.php\/utilisation-des-cookies\/\" \/>\n<meta property=\"og:site_name\" content=\"Marcq Travaux\" \/>\n<meta property=\"article:publisher\" content=\"https:\/\/www.facebook.com\/MarcqtravauxPeinturedemarcq\" \/>\n<meta property=\"article:modified_time\" content=\"2025-10-01T15:58:44+00:00\" \/>\n<meta name=\"twitter:card\" content=\"summary_large_image\" \/>\n<script type=\"application\/ld+json\" class=\"yoast-schema-graph\">{\"@context\":\"https:\\\/\\\/schema.org\",\"@graph\":[{\"@type\":\"WebPage\",\"@id\":\"https:\\\/\\\/marcqtravaux.com\\\/index.php\\\/utilisation-des-cookies\\\/\",\"url\":\"https:\\\/\\\/marcqtravaux.com\\\/index.php\\\/utilisation-des-cookies\\\/\",\"name\":\"Utilisation des cookies - Marcq Travaux\",\"isPartOf\":{\"@id\":\"https:\\\/\\\/marcqtravaux.com\\\/#website\"},\"datePublished\":\"2025-10-01T15:58:30+00:00\",\"dateModified\":\"2025-10-01T15:58:44+00:00\",\"breadcrumb\":{\"@id\":\"https:\\\/\\\/marcqtravaux.com\\\/index.php\\\/utilisation-des-cookies\\\/#breadcrumb\"},\"inLanguage\":\"fr-FR\",\"potentialAction\":[{\"@type\":\"ReadAction\",\"target\":[\"https:\\\/\\\/marcqtravaux.com\\\/index.php\\\/utilisation-des-cookies\\\/\"]}]},{\"@type\":\"BreadcrumbList\",\"@id\":\"https:\\\/\\\/marcqtravaux.com\\\/index.php\\\/utilisation-des-cookies\\\/#breadcrumb\",\"itemListElement\":[{\"@type\":\"ListItem\",\"position\":1,\"name\":\"Accueil\",\"item\":\"https:\\\/\\\/marcqtravaux.com\\\/\"},{\"@type\":\"ListItem\",\"position\":2,\"name\":\"Utilisation des cookies\"}]},{\"@type\":\"WebSite\",\"@id\":\"https:\\\/\\\/marcqtravaux.com\\\/#website\",\"url\":\"https:\\\/\\\/marcqtravaux.com\\\/\",\"name\":\"Marcq Travaux\",\"description\":\"La r\u00e9novation int\u00e9rieure autrement.\",\"publisher\":{\"@id\":\"https:\\\/\\\/marcqtravaux.com\\\/#organization\"},\"potentialAction\":[{\"@type\":\"SearchAction\",\"target\":{\"@type\":\"EntryPoint\",\"urlTemplate\":\"https:\\\/\\\/marcqtravaux.com\\\/?s={search_term_string}\"},\"query-input\":{\"@type\":\"PropertyValueSpecification\",\"valueRequired\":true,\"valueName\":\"search_term_string\"}}],\"inLanguage\":\"fr-FR\"},{\"@type\":\"Organization\",\"@id\":\"https:\\\/\\\/marcqtravaux.com\\\/#organization\",\"name\":\"Marcq Travaux\",\"url\":\"https:\\\/\\\/marcqtravaux.com\\\/\",\"logo\":{\"@type\":\"ImageObject\",\"inLanguage\":\"fr-FR\",\"@id\":\"https:\\\/\\\/marcqtravaux.com\\\/#\\\/schema\\\/logo\\\/image\\\/\",\"url\":\"https:\\\/\\\/marcqtravaux.com\\\/wp-content\\\/uploads\\\/2025\\\/09\\\/marcq-travaux-logo-1.webp\",\"contentUrl\":\"https:\\\/\\\/marcqtravaux.com\\\/wp-content\\\/uploads\\\/2025\\\/09\\\/marcq-travaux-logo-1.webp\",\"width\":2560,\"height\":1043,\"caption\":\"Marcq Travaux\"},\"image\":{\"@id\":\"https:\\\/\\\/marcqtravaux.com\\\/#\\\/schema\\\/logo\\\/image\\\/\"},\"sameAs\":[\"https:\\\/\\\/www.facebook.com\\\/MarcqtravauxPeinturedemarcq\"]}]}<\/script>\n<!-- \/ Yoast SEO plugin. -->","yoast_head_json":{"title":"Utilisation des cookies - Marcq Travaux","robots":{"index":"index","follow":"follow","max-snippet":"max-snippet:-1","max-image-preview":"max-image-preview:large","max-video-preview":"max-video-preview:-1"},"canonical":"https:\/\/marcqtravaux.com\/index.php\/utilisation-des-cookies\/","og_locale":"fr_FR","og_type":"article","og_title":"Utilisation des cookies - Marcq Travaux","og_description":"&nbsp; Utilisation des cookies &nbsp; Qu\u2019est-ce qu\u2019un cookie ? &nbsp; Un cookie est un petit fichier texte enregistr\u00e9 sur votre terminal (ordinateur, tablette, smartphone) lorsque vous naviguez sur un site internet. Il permet de collecter certaines informations destin\u00e9es \u00e0 am\u00e9liorer l\u2019exp\u00e9rience utilisateur, mesurer l\u2019audience ou encore faciliter certaines fonctionnalit\u00e9s. &nbsp; Cookies utilis\u00e9s sur le site [&hellip;]","og_url":"https:\/\/marcqtravaux.com\/index.php\/utilisation-des-cookies\/","og_site_name":"Marcq Travaux","article_publisher":"https:\/\/www.facebook.com\/MarcqtravauxPeinturedemarcq","article_modified_time":"2025-10-01T15:58:44+00:00","twitter_card":"summary_large_image","schema":{"@context":"https:\/\/schema.org","@graph":[{"@type":"WebPage","@id":"https:\/\/marcqtravaux.com\/index.php\/utilisation-des-cookies\/","url":"https:\/\/marcqtravaux.com\/index.php\/utilisation-des-cookies\/","name":"Utilisation des cookies - Marcq Travaux","isPartOf":{"@id":"https:\/\/marcqtravaux.com\/#website"},"datePublished":"2025-10-01T15:58:30+00:00","dateModified":"2025-10-01T15:58:44+00:00","breadcrumb":{"@id":"https:\/\/marcqtravaux.com\/index.php\/utilisation-des-cookies\/#breadcrumb"},"inLanguage":"fr-FR","potentialAction":[{"@type":"ReadAction","target":["https:\/\/marcqtravaux.com\/index.php\/utilisation-des-cookies\/"]}]},{"@type":"BreadcrumbList","@id":"https:\/\/marcqtravaux.com\/index.php\/utilisation-des-cookies\/#breadcrumb","itemListElement":[{"@type":"ListItem","position":1,"name":"Accueil","item":"https:\/\/marcqtravaux.com\/"},{"@type":"ListItem","position":2,"name":"Utilisation des cookies"}]},{"@type":"WebSite","@id":"https:\/\/marcqtravaux.com\/#website","url":"https:\/\/marcqtravaux.com\/","name":"Marcq Travaux","description":"La r\u00e9novation int\u00e9rieure autrement.","publisher":{"@id":"https:\/\/marcqtravaux.com\/#organization"},"potentialAction":[{"@type":"SearchAction","target":{"@type":"EntryPoint","urlTemplate":"https:\/\/marcqtravaux.com\/?s={search_term_string}"},"query-input":{"@type":"PropertyValueSpecification","valueRequired":true,"valueName":"search_term_string"}}],"inLanguage":"fr-FR"},{"@type":"Organization","@id":"https:\/\/marcqtravaux.com\/#organization","name":"Marcq Travaux","url":"https:\/\/marcqtravaux.com\/","logo":{"@type":"ImageObject","inLanguage":"fr-FR","@id":"https:\/\/marcqtravaux.com\/#\/schema\/logo\/image\/","url":"https:\/\/marcqtravaux.com\/wp-content\/uploads\/2025\/09\/marcq-travaux-logo-1.webp","contentUrl":"https:\/\/marcqtravaux.com\/wp-content\/uploads\/2025\/09\/marcq-travaux-logo-1.webp","width":2560,"height":1043,"caption":"Marcq Travaux"},"image":{"@id":"https:\/\/marcqtravaux.com\/#\/schema\/logo\/image\/"},"sameAs":["https:\/\/www.facebook.com\/MarcqtravauxPeinturedemarcq"]}]}},"_links":{"self":[{"href":"https:\/\/marcqtravaux.com\/index.php\/wp-json\/wp\/v2\/pages\/2103","targetHints":{"allow":["GET"]}}],"collection":[{"href":"https:\/\/marcqtravaux.com\/index.php\/wp-json\/wp\/v2\/pages"}],"about":[{"href":"https:\/\/marcqtravaux.com\/index.php\/wp-json\/wp\/v2\/types\/page"}],"author":[{"embeddable":true,"href":"https:\/\/marcqtravaux.com\/index.php\/wp-json\/wp\/v2\/users\/1"}],"replies":[{"embeddable":true,"href":"https:\/\/marcqtravaux.com\/index.php\/wp-json\/wp\/v2\/comments?post=2103"}],"version-history":[{"count":0,"href":"https:\/\/marcqtravaux.com\/index.php\/wp-json\/wp\/v2\/pages\/2103\/revisions"}],"wp:attachment":[{"href":"https:\/\/marcqtravaux.com\/index.php\/wp-json\/wp\/v2\/media?parent=2103"}],"curies":[{"name":"wp","href":"https:\/\/api.w.org\/{rel}","templated":true}]}}