{"id":277,"date":"2025-04-17T15:47:05","date_gmt":"2025-04-17T13:47:05","guid":{"rendered":"http:\/\/dngmxgr.cluster100.hosting.ovh.net\/?page_id=277"},"modified":"2025-09-25T11:43:03","modified_gmt":"2025-09-25T09:43:03","slug":"nos-zones-dintervention","status":"publish","type":"page","link":"https:\/\/marcqtravaux.com\/index.php\/nos-zones-dintervention\/","title":{"rendered":"Nos zones d&rsquo;intervention"},"content":{"rendered":"<p>[et_pb_section fb_built=\u00a0\u00bb1&Prime; admin_label=\u00a0\u00bbHeader\u00a0\u00bb _builder_version=\u00a0\u00bb4.27.4&Prime; _module_preset=\u00a0\u00bbdefault\u00a0\u00bb use_background_color_gradient=\u00a0\u00bbon\u00a0\u00bb background_color_gradient_stops=\u00a0\u00bbrgba(13,35,45,0.6) 0%|#192d4a 100%\u00a0\u00bb background_color_gradient_overlays_image=\u00a0\u00bbon\u00a0\u00bb background_image=\u00a0\u00bbhttps:\/\/marcqtravaux.com\/wp-content\/uploads\/2025\/09\/image-4.webp\u00a0\u00bb parallax=\u00a0\u00bbon\u00a0\u00bb custom_padding=\u00a0\u00bb169px||135px|||\u00a0\u00bb hover_enabled=\u00a0\u00bb0&Prime; locked=\u00a0\u00bboff\u00a0\u00bb collapsed=\u00a0\u00bbon\u00a0\u00bb global_colors_info=\u00a0\u00bb{}\u00a0\u00bb alt=\u00a0\u00bbrenovation maison resultats cl\u00e9 en main \u00e0 marcq en baroeul\u00a0\u00bb title_text=\u00a0\u00bbentreprise de gros oeuvre marcq en baroeul\u00a0\u00bb sticky_enabled=\u00a0\u00bb0&Prime;][et_pb_row _builder_version=\u00a0\u00bb4.27.4&Prime; _module_preset=\u00a0\u00bbdefault\u00a0\u00bb width=\u00a0\u00bb91%\u00a0\u00bb max_width=\u00a0\u00bb1208px\u00a0\u00bb global_colors_info=\u00a0\u00bb{}\u00a0\u00bb][et_pb_column type=\u00a0\u00bb4_4&Prime; _builder_version=\u00a0\u00bb4.17.4&Prime; _module_preset=\u00a0\u00bbdefault\u00a0\u00bb global_colors_info=\u00a0\u00bb{}\u00a0\u00bb][et_pb_text _builder_version=\u00a0\u00bb4.27.4&Prime; _module_preset=\u00a0\u00bbc9c4574d-66da-4074-bc01-a39a90242834&Prime; header_font=\u00a0\u00bbRoboto Condensed|300||on|||||\u00a0\u00bb header_text_color=\u00a0\u00bb#FFFFFF\u00a0\u00bb header_font_size=\u00a0\u00bb150px\u00a0\u00bb header_line_height=\u00a0\u00bb1.15em\u00a0\u00bb text_orientation=\u00a0\u00bbcenter\u00a0\u00bb width=\u00a0\u00bb100%\u00a0\u00bb custom_margin=\u00a0\u00bb|-88px||||\u00a0\u00bb header_font_size_tablet=\u00a0\u00bb77px\u00a0\u00bb header_font_size_phone=\u00a0\u00bb50px\u00a0\u00bb header_font_size_last_edited=\u00a0\u00bbon|tablet\u00a0\u00bb global_colors_info=\u00a0\u00bb{}\u00a0\u00bb]<\/p>\n<h1><strong>nos zones<\/strong><\/h1>\n<h1>d&rsquo;intervention<\/h1>\n<p>[\/et_pb_text][et_pb_button button_text=\u00a0\u00bbdemander un devis\u00a0\u00bb button_alignment=\u00a0\u00bbcenter\u00a0\u00bb _builder_version=\u00a0\u00bb4.27.4&Prime; _module_preset=\u00a0\u00bbf5195447-7566-4db2-8be7-f2c20518c7a8&Prime; custom_button=\u00a0\u00bbon\u00a0\u00bb button_text_size=\u00a0\u00bb12px\u00a0\u00bb button_text_color=\u00a0\u00bb#FFFFFF\u00a0\u00bb button_bg_color=\u00a0\u00bbRGBA(255,255,255,0)\u00a0\u00bb button_border_color=\u00a0\u00bb#FFFFFF\u00a0\u00bb button_border_radius=\u00a0\u00bb0px\u00a0\u00bb button_letter_spacing=\u00a0\u00bb0.5em\u00a0\u00bb button_font=\u00a0\u00bbOpen Sans|700||on|||||\u00a0\u00bb button_on_hover=\u00a0\u00bboff\u00a0\u00bb custom_margin=\u00a0\u00bb0.9%||||false|false\u00a0\u00bb custom_padding=\u00a0\u00bb20px|37px|20px|27px|true|false\u00a0\u00bb custom_padding_tablet=\u00a0\u00bb15px|15px|15px|15px|true|true\u00a0\u00bb custom_padding_phone=\u00a0\u00bb15px|12px|15px|12px|true|true\u00a0\u00bb custom_padding_last_edited=\u00a0\u00bbon|tablet\u00a0\u00bb button_text_size_tablet=\u00a0\u00bb11px\u00a0\u00bb button_text_size_phone=\u00a0\u00bb10px\u00a0\u00bb button_text_size_last_edited=\u00a0\u00bbon|phone\u00a0\u00bb locked=\u00a0\u00bboff\u00a0\u00bb global_colors_info=\u00a0\u00bb{}\u00a0\u00bb][\/et_pb_button][\/et_pb_column][\/et_pb_row][\/et_pb_section][et_pb_section fb_built=\u00a0\u00bb1&Prime; _builder_version=\u00a0\u00bb4.27.4&Prime; _module_preset=\u00a0\u00bbdefault\u00a0\u00bb background_enable_image=\u00a0\u00bboff\u00a0\u00bb background_size=\u00a0\u00bbstretch\u00a0\u00bb custom_padding=\u00a0\u00bb||0px|||\u00a0\u00bb global_colors_info=\u00a0\u00bb{}\u00a0\u00bb][et_pb_row column_structure=\u00a0\u00bb3_5,2_5&Prime; use_custom_gutter=\u00a0\u00bbon\u00a0\u00bb gutter_width=\u00a0\u00bb2&Prime; _builder_version=\u00a0\u00bb4.27.4&Prime; _module_preset=\u00a0\u00bbdefault\u00a0\u00bb width=\u00a0\u00bb86%\u00a0\u00bb max_width=\u00a0\u00bb1505px\u00a0\u00bb global_colors_info=\u00a0\u00bb{}\u00a0\u00bb][et_pb_column type=\u00a0\u00bb3_5&Prime; _builder_version=\u00a0\u00bb4.27.4&Prime; _module_preset=\u00a0\u00bbdefault\u00a0\u00bb global_colors_info=\u00a0\u00bb{}\u00a0\u00bb][et_pb_image src=\u00a0\u00bbhttps:\/\/marcqtravaux.com\/wp-content\/uploads\/2025\/09\/carte-partenaires-marcq-travaux.webp\u00a0\u00bb alt=\u00a0\u00bbZones d&rsquo;intervention de marcq travaux\u00a0\u00bb title_text=\u00a0\u00bbcarte partenaires marcq travaux\u00a0\u00bb _builder_version=\u00a0\u00bb4.27.4&Prime; _module_preset=\u00a0\u00bbdefault\u00a0\u00bb transform_scale_tablet=\u00a0\u00bb\u00a0\u00bb transform_scale_phone=\u00a0\u00bb116%|116%\u00a0\u00bb transform_scale_last_edited=\u00a0\u00bbon|phone\u00a0\u00bb transform_translate_tablet=\u00a0\u00bb\u00a0\u00bb transform_translate_phone=\u00a0\u00bb\u00a0\u00bb transform_translate_last_edited=\u00a0\u00bbon|phone\u00a0\u00bb transform_rotate_tablet=\u00a0\u00bb\u00a0\u00bb transform_rotate_phone=\u00a0\u00bb\u00a0\u00bb transform_rotate_last_edited=\u00a0\u00bbon|phone\u00a0\u00bb transform_skew_tablet=\u00a0\u00bb\u00a0\u00bb transform_skew_phone=\u00a0\u00bb\u00a0\u00bb transform_skew_last_edited=\u00a0\u00bbon|phone\u00a0\u00bb transform_origin_tablet=\u00a0\u00bb\u00a0\u00bb transform_origin_phone=\u00a0\u00bb\u00a0\u00bb transform_origin_last_edited=\u00a0\u00bbon|phone\u00a0\u00bb transform_styles_last_edited=\u00a0\u00bbon|phone\u00a0\u00bb width=\u00a0\u00bb75%\u00a0\u00bb width_tablet=\u00a0\u00bb75%\u00a0\u00bb width_phone=\u00a0\u00bb75%\u00a0\u00bb width_last_edited=\u00a0\u00bbon|phone\u00a0\u00bb module_alignment=\u00a0\u00bbcenter\u00a0\u00bb custom_margin=\u00a0\u00bb-5px|131px||-12px||\u00a0\u00bb hover_enabled=\u00a0\u00bb0&Prime; transform_styles_tablet=\u00a0\u00bb\u00a0\u00bb transform_styles_phone=\u00a0\u00bb\u00a0\u00bb global_colors_info=\u00a0\u00bb{}\u00a0\u00bb sticky_enabled=\u00a0\u00bb0&Prime;][\/et_pb_image][\/et_pb_column][et_pb_column type=\u00a0\u00bb2_5&Prime; _builder_version=\u00a0\u00bb4.27.4&Prime; _module_preset=\u00a0\u00bbdefault\u00a0\u00bb global_colors_info=\u00a0\u00bb{}\u00a0\u00bb][et_pb_text _builder_version=\u00a0\u00bb4.27.4&Prime; _module_preset=\u00a0\u00bbdefault\u00a0\u00bb text_line_height=\u00a0\u00bb2em\u00a0\u00bb header_2_text_align=\u00a0\u00bbcenter\u00a0\u00bb header_2_line_height=\u00a0\u00bb1.5em\u00a0\u00bb text_orientation=\u00a0\u00bbcenter\u00a0\u00bb global_colors_info=\u00a0\u00bb{}\u00a0\u00bb]<\/p>\n<h2>Soci\u00e9t\u00e9 de r\u00e9novation d&rsquo;int\u00e9rieur pr\u00e8s de Lille : nos zones d&rsquo;intervention dans les Hauts-de-France<\/h2>\n<p>[\/et_pb_text][et_pb_text _builder_version=\u00a0\u00bb4.27.4&Prime; _module_preset=\u00a0\u00bbdefault\u00a0\u00bb text_orientation=\u00a0\u00bbcenter\u00a0\u00bb width=\u00a0\u00bb100%\u00a0\u00bb custom_margin=\u00a0\u00bb|||1px|false|false\u00a0\u00bb custom_margin_tablet=\u00a0\u00bb|||0px|false|false\u00a0\u00bb custom_margin_phone=\u00a0\u00bb|0px||0px|false|false\u00a0\u00bb custom_margin_last_edited=\u00a0\u00bbon|tablet\u00a0\u00bb custom_padding=\u00a0\u00bb|||0px||\u00a0\u00bb global_colors_info=\u00a0\u00bb{}\u00a0\u00bb]<\/p>\n<div id=\"comp-kvb1fnd9\" class=\"MazNVa comp-kvb1fnd9 wixui-image\"><\/div>\n<div id=\"comp-kvb1q2nh\" class=\"MazNVa comp-kvb1q2nh wixui-image\">\n<div data-testid=\"linkElement\" class=\"j7pOnl\"><span>Nos zones d&rsquo;intervention : install\u00e9s en m\u00e9tropole Lilloise (59), nous intervenons dans un rayon de 10 kilom\u00e8tres autour <\/span><span>de Marcq-en-Baroeul. <\/span><span>Nous travaillons localement pour vos projets de r\u00e9novation int\u00e9rieure sur les villes de <\/span><span>Lille, <\/span><span>La Madeleine, <\/span><span>Marcq en Baroeul, <\/span><span>Wasquehal, <\/span><span>Mouveaux, <\/span><span>Bondues, <\/span><span>Saint Andr\u00e9 Lez Lille, <\/span><span>Marquette Les Lille, <\/span><span>Villeneuve d\u2019Ascq, <\/span><span>Lambersart, <\/span><span>Linselles, <\/span><span>Hem, <\/span><span>Wambrechie, <\/span><span>Mons en Baroeul, <\/span><span>Croix. <\/span><span>Dans ce p\u00e9rim\u00e8tre restreint, notre \u00e9quipe locale peut intervenir avec une grande r\u00e9activit\u00e9. <\/span><span>Cela facilite le suivi r\u00e9gulier des chantiers en cours.<\/span><\/div>\n<\/div>\n<p>[\/et_pb_text][et_pb_button button_url=\u00a0\u00bb@ET-DC@eyJkeW5hbWljIjp0cnVlLCJjb250ZW50IjoicG9zdF9saW5rX3VybF9wYWdlIiwic2V0dGluZ3MiOnsicG9zdF9pZCI6IjIzMCJ9fQ==@\u00a0\u00bb button_text=\u00a0\u00bbVoir nos r\u00e9alisations\u00a0\u00bb button_alignment=\u00a0\u00bbcenter\u00a0\u00bb _builder_version=\u00a0\u00bb4.27.4&Prime; _dynamic_attributes=\u00a0\u00bbbutton_url\u00a0\u00bb _module_preset=\u00a0\u00bbdefault\u00a0\u00bb custom_button=\u00a0\u00bbon\u00a0\u00bb button_text_size=\u00a0\u00bb16px\u00a0\u00bb button_text_color=\u00a0\u00bbgcid-902f269e-f51e-41db-9125-d99e7520907a\u00a0\u00bb button_bg_color=\u00a0\u00bb#192D4A\u00a0\u00bb button_border_width=\u00a0\u00bb0px\u00a0\u00bb button_border_color=\u00a0\u00bb#192D4A\u00a0\u00bb button_border_radius=\u00a0\u00bb0px\u00a0\u00bb global_colors_info=\u00a0\u00bb{%22gcid-902f269e-f51e-41db-9125-d99e7520907a%22:%91%22button_text_color%22%93}\u00a0\u00bb][\/et_pb_button][\/et_pb_column][\/et_pb_row][\/et_pb_section]<\/p>\n","protected":false},"excerpt":{"rendered":"<p>nos zones d&rsquo;interventionSoci\u00e9t\u00e9 de r\u00e9novation d&rsquo;int\u00e9rieur pr\u00e8s de Lille : nos zones d&rsquo;intervention dans les Hauts-de-France Nos zones d&rsquo;intervention : install\u00e9s en m\u00e9tropole Lilloise (59), nous intervenons dans un rayon de 10 kilom\u00e8tres autour de Marcq-en-Baroeul. Nous travaillons localement pour vos projets de r\u00e9novation int\u00e9rieure sur les villes de Lille, La Madeleine, Marcq en Baroeul, [&hellip;]<\/p>\n","protected":false},"author":1,"featured_media":0,"parent":0,"menu_order":0,"comment_status":"closed","ping_status":"closed","template":"","meta":{"_et_pb_use_builder":"on","_et_pb_old_content":"","_et_gb_content_width":"","footnotes":""},"class_list":["post-277","page","type-page","status-publish","hentry"],"yoast_head":"<!-- This site is optimized with the Yoast SEO plugin v27.4 - https:\/\/yoast.com\/product\/yoast-seo-wordpress\/ -->\n<title>Nos zones d&#039;intervention en r\u00e9novation d&#039;int\u00e9rieur Lille et alentours<\/title>\n<meta name=\"description\" content=\"Nous intervenons dans toute la r\u00e9gion Hauts-de-France autour de Marcq en Baroeul et Lille. Cliquez ici pour voir nos zones d&#039;intervention.\" \/>\n<meta name=\"robots\" content=\"index, follow, max-snippet:-1, max-image-preview:large, max-video-preview:-1\" \/>\n<link rel=\"canonical\" href=\"https:\/\/marcqtravaux.com\/index.php\/nos-zones-dintervention\/\" \/>\n<meta property=\"og:locale\" content=\"fr_FR\" \/>\n<meta property=\"og:type\" content=\"article\" \/>\n<meta property=\"og:title\" content=\"Nos zones d&#039;intervention en r\u00e9novation d&#039;int\u00e9rieur Lille et alentours\" \/>\n<meta property=\"og:description\" content=\"Nous intervenons dans toute la r\u00e9gion Hauts-de-France autour de Marcq en Baroeul et Lille. Cliquez ici pour voir nos zones d&#039;intervention.\" \/>\n<meta property=\"og:url\" content=\"https:\/\/marcqtravaux.com\/index.php\/nos-zones-dintervention\/\" \/>\n<meta property=\"og:site_name\" content=\"Marcq Travaux\" \/>\n<meta property=\"article:publisher\" content=\"https:\/\/www.facebook.com\/MarcqtravauxPeinturedemarcq\" \/>\n<meta property=\"article:modified_time\" content=\"2025-09-25T09:43:03+00:00\" \/>\n<meta name=\"twitter:card\" content=\"summary_large_image\" \/>\n<meta name=\"twitter:label1\" content=\"Dur\u00e9e de lecture estim\u00e9e\" \/>\n\t<meta name=\"twitter:data1\" content=\"1 minute\" \/>\n<script type=\"application\/ld+json\" class=\"yoast-schema-graph\">{\"@context\":\"https:\\\/\\\/schema.org\",\"@graph\":[{\"@type\":\"WebPage\",\"@id\":\"https:\\\/\\\/marcqtravaux.com\\\/index.php\\\/nos-zones-dintervention\\\/\",\"url\":\"https:\\\/\\\/marcqtravaux.com\\\/index.php\\\/nos-zones-dintervention\\\/\",\"name\":\"Nos zones d'intervention en r\u00e9novation d'int\u00e9rieur Lille et alentours\",\"isPartOf\":{\"@id\":\"https:\\\/\\\/marcqtravaux.com\\\/#website\"},\"datePublished\":\"2025-04-17T13:47:05+00:00\",\"dateModified\":\"2025-09-25T09:43:03+00:00\",\"description\":\"Nous intervenons dans toute la r\u00e9gion Hauts-de-France autour de Marcq en Baroeul et Lille. Cliquez ici pour voir nos zones d'intervention.\",\"breadcrumb\":{\"@id\":\"https:\\\/\\\/marcqtravaux.com\\\/index.php\\\/nos-zones-dintervention\\\/#breadcrumb\"},\"inLanguage\":\"fr-FR\",\"potentialAction\":[{\"@type\":\"ReadAction\",\"target\":[\"https:\\\/\\\/marcqtravaux.com\\\/index.php\\\/nos-zones-dintervention\\\/\"]}]},{\"@type\":\"BreadcrumbList\",\"@id\":\"https:\\\/\\\/marcqtravaux.com\\\/index.php\\\/nos-zones-dintervention\\\/#breadcrumb\",\"itemListElement\":[{\"@type\":\"ListItem\",\"position\":1,\"name\":\"Accueil\",\"item\":\"https:\\\/\\\/marcqtravaux.com\\\/\"},{\"@type\":\"ListItem\",\"position\":2,\"name\":\"Nos zones d&rsquo;intervention\"}]},{\"@type\":\"WebSite\",\"@id\":\"https:\\\/\\\/marcqtravaux.com\\\/#website\",\"url\":\"https:\\\/\\\/marcqtravaux.com\\\/\",\"name\":\"Marcq Travaux\",\"description\":\"La r\u00e9novation int\u00e9rieure autrement.\",\"publisher\":{\"@id\":\"https:\\\/\\\/marcqtravaux.com\\\/#organization\"},\"potentialAction\":[{\"@type\":\"SearchAction\",\"target\":{\"@type\":\"EntryPoint\",\"urlTemplate\":\"https:\\\/\\\/marcqtravaux.com\\\/?s={search_term_string}\"},\"query-input\":{\"@type\":\"PropertyValueSpecification\",\"valueRequired\":true,\"valueName\":\"search_term_string\"}}],\"inLanguage\":\"fr-FR\"},{\"@type\":\"Organization\",\"@id\":\"https:\\\/\\\/marcqtravaux.com\\\/#organization\",\"name\":\"Marcq Travaux\",\"url\":\"https:\\\/\\\/marcqtravaux.com\\\/\",\"logo\":{\"@type\":\"ImageObject\",\"inLanguage\":\"fr-FR\",\"@id\":\"https:\\\/\\\/marcqtravaux.com\\\/#\\\/schema\\\/logo\\\/image\\\/\",\"url\":\"https:\\\/\\\/marcqtravaux.com\\\/wp-content\\\/uploads\\\/2025\\\/09\\\/marcq-travaux-logo-1.webp\",\"contentUrl\":\"https:\\\/\\\/marcqtravaux.com\\\/wp-content\\\/uploads\\\/2025\\\/09\\\/marcq-travaux-logo-1.webp\",\"width\":2560,\"height\":1043,\"caption\":\"Marcq Travaux\"},\"image\":{\"@id\":\"https:\\\/\\\/marcqtravaux.com\\\/#\\\/schema\\\/logo\\\/image\\\/\"},\"sameAs\":[\"https:\\\/\\\/www.facebook.com\\\/MarcqtravauxPeinturedemarcq\"]}]}<\/script>\n<!-- \/ Yoast SEO plugin. -->","yoast_head_json":{"title":"Nos zones d'intervention en r\u00e9novation d'int\u00e9rieur Lille et alentours","description":"Nous intervenons dans toute la r\u00e9gion Hauts-de-France autour de Marcq en Baroeul et Lille. Cliquez ici pour voir nos zones d'intervention.","robots":{"index":"index","follow":"follow","max-snippet":"max-snippet:-1","max-image-preview":"max-image-preview:large","max-video-preview":"max-video-preview:-1"},"canonical":"https:\/\/marcqtravaux.com\/index.php\/nos-zones-dintervention\/","og_locale":"fr_FR","og_type":"article","og_title":"Nos zones d'intervention en r\u00e9novation d'int\u00e9rieur Lille et alentours","og_description":"Nous intervenons dans toute la r\u00e9gion Hauts-de-France autour de Marcq en Baroeul et Lille. Cliquez ici pour voir nos zones d'intervention.","og_url":"https:\/\/marcqtravaux.com\/index.php\/nos-zones-dintervention\/","og_site_name":"Marcq Travaux","article_publisher":"https:\/\/www.facebook.com\/MarcqtravauxPeinturedemarcq","article_modified_time":"2025-09-25T09:43:03+00:00","twitter_card":"summary_large_image","twitter_misc":{"Dur\u00e9e de lecture estim\u00e9e":"1 minute"},"schema":{"@context":"https:\/\/schema.org","@graph":[{"@type":"WebPage","@id":"https:\/\/marcqtravaux.com\/index.php\/nos-zones-dintervention\/","url":"https:\/\/marcqtravaux.com\/index.php\/nos-zones-dintervention\/","name":"Nos zones d'intervention en r\u00e9novation d'int\u00e9rieur Lille et alentours","isPartOf":{"@id":"https:\/\/marcqtravaux.com\/#website"},"datePublished":"2025-04-17T13:47:05+00:00","dateModified":"2025-09-25T09:43:03+00:00","description":"Nous intervenons dans toute la r\u00e9gion Hauts-de-France autour de Marcq en Baroeul et Lille. Cliquez ici pour voir nos zones d'intervention.","breadcrumb":{"@id":"https:\/\/marcqtravaux.com\/index.php\/nos-zones-dintervention\/#breadcrumb"},"inLanguage":"fr-FR","potentialAction":[{"@type":"ReadAction","target":["https:\/\/marcqtravaux.com\/index.php\/nos-zones-dintervention\/"]}]},{"@type":"BreadcrumbList","@id":"https:\/\/marcqtravaux.com\/index.php\/nos-zones-dintervention\/#breadcrumb","itemListElement":[{"@type":"ListItem","position":1,"name":"Accueil","item":"https:\/\/marcqtravaux.com\/"},{"@type":"ListItem","position":2,"name":"Nos zones d&rsquo;intervention"}]},{"@type":"WebSite","@id":"https:\/\/marcqtravaux.com\/#website","url":"https:\/\/marcqtravaux.com\/","name":"Marcq Travaux","description":"La r\u00e9novation int\u00e9rieure autrement.","publisher":{"@id":"https:\/\/marcqtravaux.com\/#organization"},"potentialAction":[{"@type":"SearchAction","target":{"@type":"EntryPoint","urlTemplate":"https:\/\/marcqtravaux.com\/?s={search_term_string}"},"query-input":{"@type":"PropertyValueSpecification","valueRequired":true,"valueName":"search_term_string"}}],"inLanguage":"fr-FR"},{"@type":"Organization","@id":"https:\/\/marcqtravaux.com\/#organization","name":"Marcq Travaux","url":"https:\/\/marcqtravaux.com\/","logo":{"@type":"ImageObject","inLanguage":"fr-FR","@id":"https:\/\/marcqtravaux.com\/#\/schema\/logo\/image\/","url":"https:\/\/marcqtravaux.com\/wp-content\/uploads\/2025\/09\/marcq-travaux-logo-1.webp","contentUrl":"https:\/\/marcqtravaux.com\/wp-content\/uploads\/2025\/09\/marcq-travaux-logo-1.webp","width":2560,"height":1043,"caption":"Marcq Travaux"},"image":{"@id":"https:\/\/marcqtravaux.com\/#\/schema\/logo\/image\/"},"sameAs":["https:\/\/www.facebook.com\/MarcqtravauxPeinturedemarcq"]}]}},"_links":{"self":[{"href":"https:\/\/marcqtravaux.com\/index.php\/wp-json\/wp\/v2\/pages\/277","targetHints":{"allow":["GET"]}}],"collection":[{"href":"https:\/\/marcqtravaux.com\/index.php\/wp-json\/wp\/v2\/pages"}],"about":[{"href":"https:\/\/marcqtravaux.com\/index.php\/wp-json\/wp\/v2\/types\/page"}],"author":[{"embeddable":true,"href":"https:\/\/marcqtravaux.com\/index.php\/wp-json\/wp\/v2\/users\/1"}],"replies":[{"embeddable":true,"href":"https:\/\/marcqtravaux.com\/index.php\/wp-json\/wp\/v2\/comments?post=277"}],"version-history":[{"count":0,"href":"https:\/\/marcqtravaux.com\/index.php\/wp-json\/wp\/v2\/pages\/277\/revisions"}],"wp:attachment":[{"href":"https:\/\/marcqtravaux.com\/index.php\/wp-json\/wp\/v2\/media?parent=277"}],"curies":[{"name":"wp","href":"https:\/\/api.w.org\/{rel}","templated":true}]}}